{"id":859,"date":"2020-07-10T21:22:29","date_gmt":"2020-07-10T21:22:29","guid":{"rendered":"http:\/\/18.191.248.85\/?page_id=859"},"modified":"2020-10-29T19:37:13","modified_gmt":"2020-10-29T19:37:13","slug":"edital-de-inovacao-para-a-industria","status":"publish","type":"page","link":"https:\/\/www.pe.senai.br\/en\/inovacao\/edital-de-inovacao-para-a-industria\/","title":{"rendered":"Edital de Inova\u00e7\u00e3o para a Ind\u00fastria"},"content":{"rendered":"<p>O Edital de Inova\u00e7\u00e3o para a Ind\u00fastria envolve parceiros comprometidos em promover o crescimento das empresas brasileiras h\u00e1 mais de 14 anos. De forma geral, o Edital \u00e9 um financiamento para o desenvolvimento de solu\u00e7\u00f5es inovadoras para a ind\u00fastria brasileira aumentar sua produtividade e melhorar sua competitividade.<\/p>\n<p>O Edital busca incentivar solu\u00e7\u00f5es tecnol\u00f3gicas e a inova\u00e7\u00e3o aberta atrav\u00e9s de uma plataforma capaz de unir as empresas e seus desafios a equipes capacitadas e inseridas em ecossistemas de inova\u00e7\u00e3o, capazes de atuar na etapa pr\u00e9-competitiva e permitir que as empresas proponentes deem um salto tecnol\u00f3gico que pode ser o diferencial para o crescimento ou perman\u00eancia no mercado. As empresas interessadas em concorrer no edital devem procurar a plataforma de submiss\u00e3o para discutir desafios e parcerias com Institutos SENAI de Tecnologia ou de Inova\u00e7\u00e3o, que ir\u00e3o ent\u00e3o configurar as equipes multidisciplinares mais compat\u00edveis para o melhor desenvolvimento do desafio.<\/p>\n<p>Com categorias que atendem desde ind\u00fastrias de grande porte a startups, o edital \u00e9 de ciclo cont\u00ednuo de sele\u00e7\u00e3o, disponibilizando os recursos para realiza\u00e7\u00e3o dos projetos t\u00e3o logo sua documenta\u00e7\u00e3o seja enviada juntamente com um plano de projeto fact\u00edvel e bem embasado que justifique o uso dos recursos aportados em um projeto de natureza inovadora \u2013 uma composi\u00e7\u00e3o que deve idealmente ser realizada junto a um Instituto SENAI de Inova\u00e7\u00e3o. A plataforma do Edital de Inova\u00e7\u00e3o para a Ind\u00fastria tamb\u00e9m \u00e9 usada para que a\u00e7\u00f5es do SENAI tenham vaz\u00e3o para o p\u00fablico, a exemplo das categorias do Rota 2030, para o setor automotivo, e da Miss\u00e3o contra Covid-19, que financiou desafios de preven\u00e7\u00e3o, diagn\u00f3stico e combate ao novo coronav\u00edrus. \u00a0As inscri\u00e7\u00f5es podem ser feitas na p\u00e1gina do Edital na internet: <a href=\"http:\/\/www.editaldeinovacao.com.br\/\">www.editaldeinovacao.com.br<\/a>.<\/p>\n<p>Para saber qual Instituto procurar e como participar das chamadas que possibilitam aportes para pesquisa e desenvolvimento da inova\u00e7\u00e3o na sua ind\u00fastria, clique <a href=\"http:\/\/www.portaldaindustria.com.br\/senai\/canais\/edital-de-inovacao-para-industria\/\">aqui<\/a>.<\/p>","protected":false},"excerpt":{"rendered":"<p>O Edital de Inova\u00e7\u00e3o para a Ind\u00fastria envolve parceiros comprometidos em promover o crescimento das empresas brasileiras h\u00e1 mais de 14 anos. De forma geral, o Edital \u00e9 um financiamento para o desenvolvimento de solu\u00e7\u00f5es inovadoras para a ind\u00fastria brasileira aumentar sua produtividade e melhorar sua competitividade. O Edital busca incentivar solu\u00e7\u00f5es tecnol\u00f3gicas e a [&hellip;]<\/p>","protected":false},"author":2,"featured_media":19813,"parent":19548,"menu_order":0,"comment_status":"closed","ping_status":"closed","template":"page-inovacao-interna.php","meta":{"_acf_changed":false,"footnotes":""},"acf":[],"_links":{"self":[{"href":"https:\/\/www.pe.senai.br\/en\/wp-json\/wp\/v2\/pages\/859"}],"collection":[{"href":"https:\/\/www.pe.senai.br\/en\/wp-json\/wp\/v2\/pages"}],"about":[{"href":"https:\/\/www.pe.senai.br\/en\/wp-json\/wp\/v2\/types\/page"}],"author":[{"embeddable":true,"href":"https:\/\/www.pe.senai.br\/en\/wp-json\/wp\/v2\/users\/2"}],"replies":[{"embeddable":true,"href":"https:\/\/www.pe.senai.br\/en\/wp-json\/wp\/v2\/comments?post=859"}],"version-history":[{"count":0,"href":"https:\/\/www.pe.senai.br\/en\/wp-json\/wp\/v2\/pages\/859\/revisions"}],"up":[{"embeddable":true,"href":"https:\/\/www.pe.senai.br\/en\/wp-json\/wp\/v2\/pages\/19548"}],"wp:featuredmedia":[{"embeddable":true,"href":"https:\/\/www.pe.senai.br\/en\/wp-json\/wp\/v2\/media\/19813"}],"wp:attachment":[{"href":"https:\/\/www.pe.senai.br\/en\/wp-json\/wp\/v2\/media?parent=859"}],"curies":[{"name":"wp","href":"https:\/\/api.w.org\/{rel}","templated":true}]}}