{"id":750,"date":"2020-07-01T17:33:02","date_gmt":"2020-07-01T17:33:02","guid":{"rendered":"http:\/\/18.191.248.85\/?page_id=750"},"modified":"2020-08-06T14:43:04","modified_gmt":"2020-08-06T14:43:04","slug":"cases-do-isi-tics","status":"publish","type":"page","link":"https:\/\/www.pe.senai.br\/en\/inovacao\/cases-do-isi-tics\/","title":{"rendered":"Cases do ISI-TICS"},"content":{"rendered":"<p>Com uma atua\u00e7\u00e3o focada em solu\u00e7\u00f5es inovadoras intensivas em software para todos os setores da cadeia produtiva da ind\u00fastria brasileira, o ISI-TICs ultrapassou, em 2019, a marca de 100 projetos atendidos. Conhe\u00e7a abaixo alguns dos principais trabalhos desenvolvidos pelo instituto para elevar a competitividade da ind\u00fastria brasileira.<\/p>","protected":false},"excerpt":{"rendered":"<p>Com uma atua\u00e7\u00e3o focada em solu\u00e7\u00f5es inovadoras intensivas em software para todos os setores da cadeia produtiva da ind\u00fastria brasileira, o ISI-TICs ultrapassou, em 2019, a marca de 100 projetos atendidos. Conhe\u00e7a abaixo alguns dos principais trabalhos desenvolvidos pelo instituto para elevar a competitividade da ind\u00fastria brasileira.<\/p>","protected":false},"author":2,"featured_media":920,"parent":19548,"menu_order":0,"comment_status":"closed","ping_status":"closed","template":"page-inovacao-interna.php","meta":{"_acf_changed":false,"footnotes":""},"acf":[],"_links":{"self":[{"href":"https:\/\/www.pe.senai.br\/en\/wp-json\/wp\/v2\/pages\/750"}],"collection":[{"href":"https:\/\/www.pe.senai.br\/en\/wp-json\/wp\/v2\/pages"}],"about":[{"href":"https:\/\/www.pe.senai.br\/en\/wp-json\/wp\/v2\/types\/page"}],"author":[{"embeddable":true,"href":"https:\/\/www.pe.senai.br\/en\/wp-json\/wp\/v2\/users\/2"}],"replies":[{"embeddable":true,"href":"https:\/\/www.pe.senai.br\/en\/wp-json\/wp\/v2\/comments?post=750"}],"version-history":[{"count":0,"href":"https:\/\/www.pe.senai.br\/en\/wp-json\/wp\/v2\/pages\/750\/revisions"}],"up":[{"embeddable":true,"href":"https:\/\/www.pe.senai.br\/en\/wp-json\/wp\/v2\/pages\/19548"}],"wp:featuredmedia":[{"embeddable":true,"href":"https:\/\/www.pe.senai.br\/en\/wp-json\/wp\/v2\/media\/920"}],"wp:attachment":[{"href":"https:\/\/www.pe.senai.br\/en\/wp-json\/wp\/v2\/media?parent=750"}],"curies":[{"name":"wp","href":"https:\/\/api.w.org\/{rel}","templated":true}]}}