{"id":73159,"date":"2021-01-28T13:47:04","date_gmt":"2021-01-28T13:47:04","guid":{"rendered":"http:\/\/www.pe.senai.br\/?page_id=73159"},"modified":"2025-07-07T17:09:05","modified_gmt":"2025-07-07T17:09:05","slug":"saga-senai-de-inovacao","status":"publish","type":"page","link":"https:\/\/www.pe.senai.br\/en\/para-sua-empresa\/saga-senai-de-inovacao\/","title":{"rendered":"SENAI Innovation Saga"},"content":{"rendered":"<p>Developing innovative solutions to real problems facing Brazilian industry - this is the aim of the SENAI Innovation Saga, a series of competitions designed to stimulate the creativity and entrepreneurial vision of SENAI students.<\/p>\n<p><strong>How can your industry participate?<\/strong><\/p>\n<p>Industries can register their demands for free at <a href=\"http:\/\/plataforma.gpinovacao.senai.br\/\">SENAI Innovation Saga Platform<\/a>. These challenges will be analyzed and may have solutions presented by SENAI students from all over the country.<\/p>\n<p><strong>What's in it for the industry?<\/strong><\/p>\n<p>As well as helping to train more creative and skilled professionals to develop solutions, your industry will be able to obtain, free of charge, an innovative solution that can increase productivity and profitability, reduce costs and reuse materials.<\/p>\n<p><strong>Find out more about the SENAI Innovation Saga<\/strong><\/p>\n<p>The SENAI Innovation Saga is an initiative that aims to bring SENAI students closer to the reality of industry and stimulate critical thinking and a culture of innovation within SENAI's technical schools. Establishing an itinerary for students to follow, the SENAI Innovation Saga is made up of different actions that go beyond the confines of the classroom:<\/p>\n<p><span style=\"color: #0000ff;\"><strong>SENAI Innovation Grand Prix<\/strong> <\/span><br \/>\nAt this stage, the students are divided into multidisciplinary teams, called squads. Under the guidance of a teacher, the students take part in a real innovation marathon and, in a short space of time, prototype innovative solutions to real industry challenges. The GP takes place in school, regional and national phases.<\/p>\n<p><strong><span style=\"color: #0000ff;\">SENAI Challenge for Integrative Projects (DSPI)<\/span><\/strong><br \/>\nLasting six months, multidisciplinary teams choose a real industry challenge and develop their solution in the classroom. Participants need to design projects and prototypes, draw up a Canvas Business Model and create a presentation in pitch format. DSPI takes place in regional and national stages and aims to encourage the use of the SENAI Professional Education Methodology and entrepreneurship.<\/p>\n<p><span style=\"color: #0000ff;\"><strong>Inova SENAI<\/strong><\/span><br \/>\nThe final stage of the SENAI Saga challenges students to turn their ideas for innovative products and processes into reality. Here, the projects must be viable enough to be applied in practice. The projects are evaluated in Business Rounds with entrepreneurs and a panel of judges chooses the three that stand out the most.<\/p>","protected":false},"excerpt":{"rendered":"<p>Desenvolver solu\u00e7\u00f5es inovadoras para problemas reais da ind\u00fastria brasileira \u2013 este \u00e9 o objetivo da Saga SENAI de Inova\u00e7\u00e3o, uma s\u00e9rie de competi\u00e7\u00f5es que visa estimular a criatividade e a vis\u00e3o empreendedora dos alunos do SENAI. Como sua ind\u00fastria pode participar? As ind\u00fastrias podem cadastrar suas demandas gratuitamente na Plataforma da Saga SENAI de Inova\u00e7\u00e3o. [&hellip;]<\/p>","protected":false},"author":3,"featured_media":73814,"parent":71,"menu_order":0,"comment_status":"closed","ping_status":"closed","template":"page-para-sua-empresa-interna.php","meta":{"_acf_changed":false,"footnotes":""},"acf":[],"_links":{"self":[{"href":"https:\/\/www.pe.senai.br\/en\/wp-json\/wp\/v2\/pages\/73159"}],"collection":[{"href":"https:\/\/www.pe.senai.br\/en\/wp-json\/wp\/v2\/pages"}],"about":[{"href":"https:\/\/www.pe.senai.br\/en\/wp-json\/wp\/v2\/types\/page"}],"author":[{"embeddable":true,"href":"https:\/\/www.pe.senai.br\/en\/wp-json\/wp\/v2\/users\/3"}],"replies":[{"embeddable":true,"href":"https:\/\/www.pe.senai.br\/en\/wp-json\/wp\/v2\/comments?post=73159"}],"version-history":[{"count":1,"href":"https:\/\/www.pe.senai.br\/en\/wp-json\/wp\/v2\/pages\/73159\/revisions"}],"predecessor-version":[{"id":1121812,"href":"https:\/\/www.pe.senai.br\/en\/wp-json\/wp\/v2\/pages\/73159\/revisions\/1121812"}],"up":[{"embeddable":true,"href":"https:\/\/www.pe.senai.br\/en\/wp-json\/wp\/v2\/pages\/71"}],"wp:featuredmedia":[{"embeddable":true,"href":"https:\/\/www.pe.senai.br\/en\/wp-json\/wp\/v2\/media\/73814"}],"wp:attachment":[{"href":"https:\/\/www.pe.senai.br\/en\/wp-json\/wp\/v2\/media?parent=73159"}],"curies":[{"name":"wp","href":"https:\/\/api.w.org\/{rel}","templated":true}]}}