{"id":706097,"date":"2023-10-06T16:18:43","date_gmt":"2023-10-06T16:18:43","guid":{"rendered":"https:\/\/www.pe.senai.br\/?page_id=706097"},"modified":"2026-01-20T13:48:18","modified_gmt":"2026-01-20T13:48:18","slug":"embrapii","status":"publish","type":"page","link":"https:\/\/www.pe.senai.br\/en\/inovacao\/embrapii\/","title":{"rendered":"Unidade EMBRAPII"},"content":{"rendered":"<p><a href=\"https:\/\/embrapii.org.br\/\"><img decoding=\"async\" class=\"alignnone wp-image-1182948 size-full\" src=\"https:\/\/www.pe.senai.br\/wp-content\/uploads\/2026\/01\/banner-embrapii.jpg\" alt=\"\" width=\"1066\" height=\"383\" srcset=\"https:\/\/www.pe.senai.br\/wp-content\/uploads\/2026\/01\/banner-embrapii.jpg 1066w, https:\/\/www.pe.senai.br\/wp-content\/uploads\/2026\/01\/banner-embrapii-300x108.jpg 300w, https:\/\/www.pe.senai.br\/wp-content\/uploads\/2026\/01\/banner-embrapii-1024x368.jpg 1024w, https:\/\/www.pe.senai.br\/wp-content\/uploads\/2026\/01\/banner-embrapii-768x276.jpg 768w, https:\/\/www.pe.senai.br\/wp-content\/uploads\/2026\/01\/banner-embrapii-18x6.jpg 18w\" sizes=\"(max-width: 1066px) 100vw, 1066px\" \/><\/a><\/p>\n<p>Localizado em Recife, na \u00e1rea de influ\u00eancia do Porto Digital, o Instituto SENAI de Inova\u00e7\u00e3o para Tecnologias da Informa\u00e7\u00e3o e Comunica\u00e7\u00e3o (ISI-TICs) \u00e9 reconhecido pela sua atua\u00e7\u00e3o em PD&amp;I no desenvolvimento de solu\u00e7\u00f5es inovadoras para a ind\u00fastria por meio de tecnologias como intelig\u00eancia artificial, internet das coisas, sistemas embarcados, sensoriamento remoto, ci\u00eancia de dados, processamento de imagens e vis\u00e3o computacional. Fundado em 2013, o instituto integra a Rede SENAI de Inova\u00e7\u00e3o, que prioriza a a\u00e7\u00e3o conjunta para impulsionar a competitividade do setor industrial brasileiro.<\/p>\n<p data-ogsc=\"black\">Credenciado como Unidade Embrapii em 2023, o ISI-TICs ir\u00e1 desenvolver projetos na \u00e1rea de Sistema de Intelig\u00eancia Geoespacial, contribuindo para o fortalecimento de toda a cadeia industrial por meio da integra\u00e7\u00e3o de tecnologias como sat\u00e9lites e sensores em terra. O foco de atua\u00e7\u00e3o ser\u00e1 nas seguintes sublinhas: sistemas de posicionamento e navega\u00e7\u00e3o satelital; sistemas para sensoriamento e conectividade; e sistemas para explora\u00e7\u00e3o imersiva em dados.<\/p>\n<p>O ISI-TICs conta com infraestrutura pr\u00f3pria para o desenvolvimento de seus projetos. Ao todo, s\u00e3o aproximadamente 2 mil m\u00b2 de \u00e1rea, integrando laborat\u00f3rios e ilhas para desenvolvimento de software e hardware, e capacidade para 150 colaboradores atuarem em atividades de pesquisa aplicada de TICs, gerenciamento de projetos, gest\u00e3o e administra\u00e7\u00e3o.<\/p>","protected":false},"excerpt":{"rendered":"<p>Localizado em Recife, na \u00e1rea de influ\u00eancia do Porto Digital, o Instituto SENAI de Inova\u00e7\u00e3o para Tecnologias da Informa\u00e7\u00e3o e Comunica\u00e7\u00e3o (ISI-TICs) \u00e9 reconhecido pela sua atua\u00e7\u00e3o em PD&amp;I no desenvolvimento de solu\u00e7\u00f5es inovadoras para a ind\u00fastria por meio de tecnologias como intelig\u00eancia artificial, internet das coisas, sistemas embarcados, sensoriamento remoto, ci\u00eancia de dados, processamento [&hellip;]<\/p>","protected":false},"author":11,"featured_media":0,"parent":19548,"menu_order":0,"comment_status":"closed","ping_status":"closed","template":"page-inovacao-interna.php","meta":{"_acf_changed":false,"footnotes":""},"acf":[],"_links":{"self":[{"href":"https:\/\/www.pe.senai.br\/en\/wp-json\/wp\/v2\/pages\/706097"}],"collection":[{"href":"https:\/\/www.pe.senai.br\/en\/wp-json\/wp\/v2\/pages"}],"about":[{"href":"https:\/\/www.pe.senai.br\/en\/wp-json\/wp\/v2\/types\/page"}],"author":[{"embeddable":true,"href":"https:\/\/www.pe.senai.br\/en\/wp-json\/wp\/v2\/users\/11"}],"replies":[{"embeddable":true,"href":"https:\/\/www.pe.senai.br\/en\/wp-json\/wp\/v2\/comments?post=706097"}],"version-history":[{"count":30,"href":"https:\/\/www.pe.senai.br\/en\/wp-json\/wp\/v2\/pages\/706097\/revisions"}],"predecessor-version":[{"id":1182950,"href":"https:\/\/www.pe.senai.br\/en\/wp-json\/wp\/v2\/pages\/706097\/revisions\/1182950"}],"up":[{"embeddable":true,"href":"https:\/\/www.pe.senai.br\/en\/wp-json\/wp\/v2\/pages\/19548"}],"wp:attachment":[{"href":"https:\/\/www.pe.senai.br\/en\/wp-json\/wp\/v2\/media?parent=706097"}],"curies":[{"name":"wp","href":"https:\/\/api.w.org\/{rel}","templated":true}]}}