{"id":463,"date":"2019-12-06T19:13:41","date_gmt":"2019-12-06T19:13:41","guid":{"rendered":"http:\/\/3.134.89.224\/?page_id=463"},"modified":"2024-10-23T12:42:05","modified_gmt":"2024-10-23T12:42:05","slug":"instituto-senai-de-tecnologia-em-alimentos-e-meio-ambiente","status":"publish","type":"page","link":"https:\/\/www.pe.senai.br\/en\/institutos\/instituto-senai-de-tecnologia-em-alimentos-e-meio-ambiente\/","title":{"rendered":"Instituto SENAI de Tecnologia em Alimentos e Meio Ambiente"},"content":{"rendered":"<p>Grande aliado das ind\u00fastrias pernambucanas no controle e avalia\u00e7\u00e3o dos padr\u00f5es aliment\u00edcios e ambientais, o Instituto SENAI de Tecnologia em Alimentos e Meio Ambiente realiza an\u00e1lises laboratoriais e consultorias especializadas com objetivo de promover a sustentabilidade e a qualidade nos processos produtivos.<\/p>\n<p>Com infraestrutura laboratorial moderna e corpo t\u00e9cnico qualificado, assim como servi\u00e7os reconhecidos por padr\u00f5es nacionais, o instituto oferece ensaios f\u00edsico-qu\u00edmicos e microbiol\u00f3gicos, al\u00e9m de monitoramento da qualidade do ar e emiss\u00f5es atmosf\u00e9ricas.<\/p>\n<p>Atuando desde 2014, o Instituto possui laborat\u00f3rios localizados em Paulista e Petrolina que, juntos, realizam mais de 60 mil an\u00e1lises anualmente. Al\u00e9m disso, possui consultores especializados atuando nas regi\u00f5es Metropolitana, Agreste e Sert\u00e3o.<\/p>\n<p>&nbsp;<\/p>","protected":false},"excerpt":{"rendered":"<p>Grande aliado das ind\u00fastrias pernambucanas no controle e avalia\u00e7\u00e3o dos padr\u00f5es aliment\u00edcios e ambientais, o Instituto SENAI de Tecnologia em Alimentos e Meio Ambiente realiza an\u00e1lises laboratoriais e consultorias especializadas com objetivo de promover a sustentabilidade e a qualidade nos processos produtivos. Com infraestrutura laboratorial moderna e corpo t\u00e9cnico qualificado, assim como servi\u00e7os reconhecidos por [&hellip;]<\/p>","protected":false},"author":1,"featured_media":493,"parent":20,"menu_order":0,"comment_status":"closed","ping_status":"closed","template":"page-instituto-senai-de-tecnologia-em-meio-ambiente.php","meta":{"_acf_changed":false,"footnotes":""},"acf":[],"_links":{"self":[{"href":"https:\/\/www.pe.senai.br\/en\/wp-json\/wp\/v2\/pages\/463"}],"collection":[{"href":"https:\/\/www.pe.senai.br\/en\/wp-json\/wp\/v2\/pages"}],"about":[{"href":"https:\/\/www.pe.senai.br\/en\/wp-json\/wp\/v2\/types\/page"}],"author":[{"embeddable":true,"href":"https:\/\/www.pe.senai.br\/en\/wp-json\/wp\/v2\/users\/1"}],"replies":[{"embeddable":true,"href":"https:\/\/www.pe.senai.br\/en\/wp-json\/wp\/v2\/comments?post=463"}],"version-history":[{"count":1,"href":"https:\/\/www.pe.senai.br\/en\/wp-json\/wp\/v2\/pages\/463\/revisions"}],"predecessor-version":[{"id":915975,"href":"https:\/\/www.pe.senai.br\/en\/wp-json\/wp\/v2\/pages\/463\/revisions\/915975"}],"up":[{"embeddable":true,"href":"https:\/\/www.pe.senai.br\/en\/wp-json\/wp\/v2\/pages\/20"}],"wp:featuredmedia":[{"embeddable":true,"href":"https:\/\/www.pe.senai.br\/en\/wp-json\/wp\/v2\/media\/493"}],"wp:attachment":[{"href":"https:\/\/www.pe.senai.br\/en\/wp-json\/wp\/v2\/media?parent=463"}],"curies":[{"name":"wp","href":"https:\/\/api.w.org\/{rel}","templated":true}]}}