{"id":461,"date":"2019-12-06T19:10:07","date_gmt":"2019-12-06T19:10:07","guid":{"rendered":"http:\/\/3.134.89.224\/?page_id=461"},"modified":"2024-10-23T13:30:48","modified_gmt":"2024-10-23T13:30:48","slug":"instituto-senai-de-tecnologia-em-materiais-e-processos-produtivos","status":"publish","type":"page","link":"https:\/\/www.pe.senai.br\/en\/institutos\/instituto-senai-de-tecnologia-em-materiais-e-processos-produtivos\/","title":{"rendered":"Instituto SENAI de Tecnologia em Materiais e Processos Produtivos"},"content":{"rendered":"<p>Especializado em consultoria aplicada a processos fabris, ensaios da ind\u00fastria de constru\u00e7\u00e3o civil, gesso e metal mec\u00e2nica, al\u00e9m de calibra\u00e7\u00f5es, o Instituto SENAI de Tecnologia em Materiais e Processos Produtivos atende a diversos setores industriais como alimentos, bebidas, biocombust\u00edvel, borracha, farmac\u00eautico, metalomec\u00e2nico, petr\u00f3leo e g\u00e1s.<\/p>\n<p>Com foco no desenvolvimento industrial de empresas de todos os portes, o Instituto SENAI de Tecnologia em Materiais e Processos Produtivos proporciona solu\u00e7\u00f5es tecnol\u00f3gicas aplicadas a produtos e processos, como consultorias especializadas em <em>lean<\/em>, efici\u00eancia energ\u00e9tica e an\u00e1lise de falhas, al\u00e9m de ensaios em materiais como metais, pol\u00edmeros, comp\u00f3sitos, cer\u00e2micas, concretos, gesso e biomateriais, sendo todos baseados em normas nacionais e internacionais.<\/p>\n<p>Sobre ensaios laboratoriais, o Instituto atua diretamente nos segmentos da constru\u00e7\u00e3o civil, do gesso e mec\u00e2nico. J\u00e1 com consultorias, opera transversalmente nas cadeias produtivas de alimentos, borracha, material pl\u00e1stico, farmac\u00eautico, petr\u00f3leo e g\u00e1s, biocombust\u00edvel, t\u00eaxtil, confec\u00e7\u00e3o de vestu\u00e1rio e automotiva, al\u00e9m de constru\u00e7\u00e3o civil, gesso e metalomec\u00e2nica.<\/p>\n<p>Atuando desde 2014, o Instituto possui laborat\u00f3rios localizados em Jaboat\u00e3o dos Guararapes, Cabo de Santo Agostinho e Araripina. Al\u00e9m disso, possui consultores especializados atuando nas regi\u00f5es Metropolitana, Agreste e Sert\u00e3o.<\/p>\n<p>Nossa infraestrutura est\u00e1 dispon\u00edvel e nossos t\u00e9cnicos preparados para oferecer as melhores solu\u00e7\u00f5es. O Instituto possui tr\u00eas laborat\u00f3rios amplamente equipados para realiza\u00e7\u00e3o de an\u00e1lises de diversos materiais a fim de auxiliar as ind\u00fastrias a garantirem os padr\u00f5es de qualidade exigidos no mercado.<\/p>\n<div><\/div>","protected":false},"excerpt":{"rendered":"<p>Especializado em consultoria aplicada a processos fabris, ensaios da ind\u00fastria de constru\u00e7\u00e3o civil, gesso e metal mec\u00e2nica, al\u00e9m de calibra\u00e7\u00f5es, o Instituto SENAI de Tecnologia em Materiais e Processos Produtivos atende a diversos setores industriais como alimentos, bebidas, biocombust\u00edvel, borracha, farmac\u00eautico, metalomec\u00e2nico, petr\u00f3leo e g\u00e1s. Com foco no desenvolvimento industrial de empresas de todos os [&hellip;]<\/p>","protected":false},"author":1,"featured_media":468,"parent":20,"menu_order":0,"comment_status":"closed","ping_status":"closed","template":"page-instituto-senai-de-tecnologia-automotiva-e-metalmecanica.php","meta":{"_acf_changed":false,"footnotes":""},"acf":[],"_links":{"self":[{"href":"https:\/\/www.pe.senai.br\/en\/wp-json\/wp\/v2\/pages\/461"}],"collection":[{"href":"https:\/\/www.pe.senai.br\/en\/wp-json\/wp\/v2\/pages"}],"about":[{"href":"https:\/\/www.pe.senai.br\/en\/wp-json\/wp\/v2\/types\/page"}],"author":[{"embeddable":true,"href":"https:\/\/www.pe.senai.br\/en\/wp-json\/wp\/v2\/users\/1"}],"replies":[{"embeddable":true,"href":"https:\/\/www.pe.senai.br\/en\/wp-json\/wp\/v2\/comments?post=461"}],"version-history":[{"count":2,"href":"https:\/\/www.pe.senai.br\/en\/wp-json\/wp\/v2\/pages\/461\/revisions"}],"predecessor-version":[{"id":915978,"href":"https:\/\/www.pe.senai.br\/en\/wp-json\/wp\/v2\/pages\/461\/revisions\/915978"}],"up":[{"embeddable":true,"href":"https:\/\/www.pe.senai.br\/en\/wp-json\/wp\/v2\/pages\/20"}],"wp:featuredmedia":[{"embeddable":true,"href":"https:\/\/www.pe.senai.br\/en\/wp-json\/wp\/v2\/media\/468"}],"wp:attachment":[{"href":"https:\/\/www.pe.senai.br\/en\/wp-json\/wp\/v2\/media?parent=461"}],"curies":[{"name":"wp","href":"https:\/\/api.w.org\/{rel}","templated":true}]}}