{"id":19702,"date":"2020-10-27T12:46:24","date_gmt":"2020-10-27T12:46:24","guid":{"rendered":"http:\/\/3.131.141.60\/?page_id=19702"},"modified":"2024-05-09T19:37:30","modified_gmt":"2024-05-09T19:37:30","slug":"ouvidoria","status":"publish","type":"page","link":"https:\/\/www.pe.senai.br\/en\/ouvidoria\/","title":{"rendered":"Ouvidoria"},"content":{"rendered":"<p>A Ouvidoria do Sistema FIEPE (<strong>FIEPE, SENAI, SESI, IEL, CIEPE<\/strong>) atua de forma regional como \u00f3rg\u00e3o n\u00e3o contencioso, promotor dos interesses dos alunos, colaboradores, empresas industriais e a sociedade, como instrumento de participa\u00e7\u00e3o destinado a colaborar no controle administrativo e de gest\u00e3o da Institui\u00e7\u00e3o, que possibilita ao usu\u00e1rio a manifesta\u00e7\u00e3o de sua opini\u00e3o defendendo os interesses dos manifestantes e do Sistema FIEPE.<\/p>\n<p>&nbsp;<\/p>\n<p><strong>Quando procurar a Ouvidoria:<\/strong><\/p>\n<p>Atrav\u00e9s do canal de comunica\u00e7\u00e3o da Ouvidoria do Sistema FIEPE o cliente poder\u00e1 apresentar registros de acordo com as seguintes naturezas:<\/p>\n<p>Elogios &#8211; <strong><em>Demonstra satisfa\u00e7\u00e3o ou agradecimento pelo servi\u00e7o prestado.<\/em><\/strong><\/p>\n<p>Solicita\u00e7\u00f5es &#8211; <strong><em>O cliente requer o atendimento ou acesso \u00e0s a\u00e7\u00f5es e servi\u00e7os da Institui\u00e7\u00e3o.<\/em><\/strong><\/p>\n<p>Reclama\u00e7\u00f5es &#8211; <strong><em>Relato da insatisfa\u00e7\u00e3o em rela\u00e7\u00e3o \u00e0s a\u00e7\u00f5es e aos servi\u00e7os prestados pela Institui\u00e7\u00e3o.<\/em><\/strong><\/p>\n<p>D\u00favidas &#8211; <strong><em>Manifesta incerteza ou dificuldade de entender a realidade de um fato pouco esclarecido.<\/em><\/strong><\/p>\n<p>Sugest\u00f5es &#8211; <strong><em>Prop\u00f5e a\u00e7\u00e3o considerada \u00fatil \u00e0 melhoria dos servi\u00e7os prestados pela organiza\u00e7\u00e3o<\/em><\/strong>.<\/p>\n<p>Cr\u00edticas &#8211; <strong><em>Relato desfavor\u00e1vel \u00e0s etapas de um servi\u00e7o prestado.<\/em><\/strong><\/p>\n<p>Den\u00fancias &#8211; <strong><em>Indica irregularidade na administra\u00e7\u00e3o, atos il\u00edcitos, conduta anti\u00e9tica, ass\u00e9dios na Institui\u00e7\u00e3o.<\/em><\/strong><\/p>\n<p><strong><em>\u00a0<\/em><\/strong><\/p>\n<p><strong>P\u00fablico da Ouvidoria:<\/strong><\/p>\n<p>Alunos<\/p>\n<p>Colaboradores do Sistema<\/p>\n<p>Empresas<\/p>\n<p>Trabalhador da Ind\u00fastria<\/p>\n<p>Sindicatos<\/p>\n<p>Comunidade<\/p>\n<p><strong>\u00a0<\/strong><strong>\u00a0<\/strong><\/p>\n<p><strong>Canais de Acesso:<\/strong><\/p>\n<p>Link da Ouvidoria nos sites das institui\u00e7\u00f5es que comp\u00f5e o Sistema FIEPE (<strong>FIEPE, SENAI, SESI, IEL, CIEPE<\/strong>)<\/p>\n<p>Telefones: 3412.8540 \/ 3412.8443<\/p>\n<p>E-mail: <a href=\"mailto:ouvidoria@sistemafiepe.org.br\">ouvidoria@sistemafiepe.org.br<\/a><\/p>\n<p>Portal de transpar\u00eancia SESI e SENAI Pernambuco;<\/p>\n<p>Atendimento Presencial: Av. Cruz Cabug\u00e1, 767, Santo Amaro, Recife \u2013 PE (Sob agendamento por telefone ou e-mail)<\/p>\n<p>&nbsp;<\/p>\n<p><strong>SAC \u2013 Servi\u00e7o de Atendimento ao Cliente:<\/strong><\/p>\n<p>Informa\u00e7\u00f5es relativas a cursos, matr\u00edculas, sele\u00e7\u00f5es, pagamento, solicita\u00e7\u00f5es de servi\u00e7os para empresas, Programa Aprendiz Industrial e demais a\u00e7\u00f5es desenvolvidas pelas Unidades do Sistema FIEPE ser\u00e3o fornecidas pelo <strong>0800.600.9606<\/strong> no hor\u00e1rio das <strong>7h \u00e0s 19h.<\/strong><\/p>","protected":false},"excerpt":{"rendered":"<p>A Ouvidoria do Sistema FIEPE (FIEPE, SENAI, SESI, IEL, CIEPE) atua de forma regional como \u00f3rg\u00e3o n\u00e3o contencioso, promotor dos interesses dos alunos, colaboradores, empresas industriais e a sociedade, como instrumento de participa\u00e7\u00e3o destinado a colaborar no controle administrativo e de gest\u00e3o da Institui\u00e7\u00e3o, que possibilita ao usu\u00e1rio a manifesta\u00e7\u00e3o de sua opini\u00e3o defendendo os [&hellip;]<\/p>","protected":false},"author":2,"featured_media":20068,"parent":0,"menu_order":0,"comment_status":"closed","ping_status":"closed","template":"page-ouvidoria.php","meta":{"_acf_changed":false,"footnotes":""},"acf":[],"_links":{"self":[{"href":"https:\/\/www.pe.senai.br\/en\/wp-json\/wp\/v2\/pages\/19702"}],"collection":[{"href":"https:\/\/www.pe.senai.br\/en\/wp-json\/wp\/v2\/pages"}],"about":[{"href":"https:\/\/www.pe.senai.br\/en\/wp-json\/wp\/v2\/types\/page"}],"author":[{"embeddable":true,"href":"https:\/\/www.pe.senai.br\/en\/wp-json\/wp\/v2\/users\/2"}],"replies":[{"embeddable":true,"href":"https:\/\/www.pe.senai.br\/en\/wp-json\/wp\/v2\/comments?post=19702"}],"version-history":[{"count":2,"href":"https:\/\/www.pe.senai.br\/en\/wp-json\/wp\/v2\/pages\/19702\/revisions"}],"predecessor-version":[{"id":849598,"href":"https:\/\/www.pe.senai.br\/en\/wp-json\/wp\/v2\/pages\/19702\/revisions\/849598"}],"wp:featuredmedia":[{"embeddable":true,"href":"https:\/\/www.pe.senai.br\/en\/wp-json\/wp\/v2\/media\/20068"}],"wp:attachment":[{"href":"https:\/\/www.pe.senai.br\/en\/wp-json\/wp\/v2\/media?parent=19702"}],"curies":[{"name":"wp","href":"https:\/\/api.w.org\/{rel}","templated":true}]}}