{"id":19569,"date":"2020-08-06T14:10:26","date_gmt":"2020-08-06T14:10:26","guid":{"rendered":"http:\/\/18.191.248.85\/?page_id=19569"},"modified":"2026-02-23T14:16:06","modified_gmt":"2026-02-23T14:16:06","slug":"programa-de-aprendizagem-industrial","status":"publish","type":"page","link":"https:\/\/www.pe.senai.br\/en\/para-sua-empresa\/programa-de-aprendizagem-industrial\/","title":{"rendered":"Industrial Apprenticeship Program"},"content":{"rendered":"<p>Se voc\u00ea \u00e9 propriet\u00e1rio ou respons\u00e1vel pelos recursos humanos de uma empresa industrial em Pernambuco, \u00e9 essencial que <strong>esteja por dentro das responsabilidades e dos benef\u00edcios proporcionados pela Lei do Aprendiz.<\/strong><\/p>\n<p>Atualmente,<strong> toda empresa industrial pernambucana com mais de seis funcion\u00e1rios <\/strong>deve ter pleno conhecimento do seu <strong>c\u00e1lculo da cota de aprendizagem.<\/strong><\/p>\n<p>Ou seja, para garantir a conformidade com a legisla\u00e7\u00e3o, sua empresa precisa calcular <strong>quantos dos seus funcion\u00e1rios devem estar contratados como aprendizes<\/strong> e matriculados em cursos de forma\u00e7\u00e3o profissional.<\/p>\n<p>&nbsp;<\/p>\n<h3><strong>Como realizar esse c\u00e1lculo?<\/strong><\/h3>\n<p>&nbsp;<\/p>\n<p>A cota m\u00ednima atual \u00e9 de 5% dos trabalhadores e a m\u00e1xima \u00e9 de 15%.<\/p>\n<p>Para fazer o c\u00e1lculo corretamente, voc\u00ea deve primeiro subtrair as <a href=\"https:\/\/planalto.gov.br\/ccivil_03\/_ato2023-2026\/2023\/decreto\/D11479.htm\">exclus\u00f5es vigentes na lei<\/a> do n\u00famero total de colaboradores da sua empresa e ent\u00e3o aplicar as porcentagens.<\/p>\n<p>&nbsp;<\/p>\n<h3><strong>E depois do c\u00e1lculo?<\/strong><\/h3>\n<p>&nbsp;<\/p>\n<p>O SENAI disponibiliza, em edital, o<strong> Programa de Aprendizagem Industrial 2026.1 com 1.775 vagas em 20 cursos.<\/strong><\/p>\n<p>Leia atentamente e siga o passo a passo a seguir:<\/p>\n<ol>\n<li>Consulte o Quadro de Vagas dispon\u00edveis para cada unidade do<strong> SENAI Pernambuco<\/strong>, juntamente com outras informa\u00e7\u00f5es relevantes.<\/li>\n<li>Acesse o <a href=\"https:\/\/forms.office.com\/pages\/responsepage.aspx?id=ROrlxtXCP0aEakEU--Vev66Sw8WdxyJEs51NqdxM1UFUMDlCWVpLM043RENRUllRMTNRUTNSMjRQUS4u&amp;route=shorturl\">link de reserva de vagas <\/a>e fa\u00e7a sua solicita\u00e7\u00e3o de acordo com o c\u00e1lculo e as necessidades da sua empresa.<\/li>\n<li>Aguarde nossa resposta em at\u00e9 72 horas.<\/li>\n<li><strong>Realize a sele\u00e7\u00e3o dos aprendizes.<\/strong><\/li>\n<li>Encaminhe os aprendizes selecionados para matr\u00edcula na escola indicada, seguindo o calend\u00e1rio abaixo:<\/li>\n<\/ol>\n<ul>\n<li><strong>1\u00aa entrada:<\/strong> Turmas previstas para iniciar em 09\/02\/2026\n<ul>\n<li>Matr\u00edculas: 07\/01\/2026 a 16\/01\/2026;<\/li>\n<\/ul>\n<\/li>\n<li><strong>2\u00aa entrada:<\/strong> Turmas previstas para iniciar em 11\/05\/2026\n<ul>\n<li>Matr\u00edculas: 13\/04\/2026 a 24\/04\/2026<\/li>\n<\/ul>\n<\/li>\n<\/ul>\n<p>A aprendizagem industrial oferece uma maneira eficaz e mutuamente ben\u00e9fica para as empresas cultivarem talentos, impulsionarem a inova\u00e7\u00e3o e cumprirem suas responsabilidades legais e sociais.<\/p>\n<p><a href=\"https:\/\/nam10.safelinks.protection.outlook.com\/?url=https%3A%2F%2Fforms.office.com%2Fr%2F6DVKbchi6g&amp;data=05%7C02%7Cwladmir.paulino%40sistemafiepe.org.br%7C4869a43044e8400287d908de1adf40e4%7Cc6e5ea44c2d5463f846a4114fbe55ebf%7C0%7C0%7C638977743426156276%7CUnknown%7CTWFpbGZsb3d8eyJFbXB0eU1hcGkiOnRydWUsIlYiOiIwLjAuMDAwMCIsIlAiOiJXaW4zMiIsIkFOIjoiTWFpbCIsIldUIjoyfQ%3D%3D%7C0%7C%7C%7C&amp;sdata=7dF0LWnf94N1vMjvswbHogICXW8iDEfwMgcvJPSX22s%3D&amp;reserved=0\">Inicie agora a reserva de suas vagas <\/a>ou esclare\u00e7a todas as suas d\u00favidas pelo e-mail <a href=\"mailto:senai.aprendiz@sistemafiepe.org.br\">senai.aprendiz@sistemafiepe.org.br<\/a> ou pelo WhatsApp (81) 98164-1050.<\/p>\n<p>&nbsp;<\/p>\n<p><span style=\"color: #ff0000;\"><strong>EDITAL PARA IND\u00daSTRIAS 2026.1<\/strong><\/span><\/p>\n<p><a href=\"https:\/\/www.pe.senai.br\/wp-content\/uploads\/2025\/11\/SENAI-Edital-Indutria-Aprendizagem-2026.1-1-1.pdf\">Edital de Aprendizagem<\/a><\/p>\n<p><a id=\"OWA19640eff-f86b-8a09-765d-a174e70c1c10\" class=\"x_x_OWAAutoLink x_x_elementToProof\" title=\"URL original: https:\/\/forms.office.com\/r\/6DVKbchi6g. Clique ou toque se voc\u00ea confiar neste link.\" href=\"https:\/\/nam10.safelinks.protection.outlook.com\/?url=https%3A%2F%2Fforms.office.com%2Fr%2F6DVKbchi6g&amp;data=05%7C02%7Cwladmir.paulino%40sistemafiepe.org.br%7C4869a43044e8400287d908de1adf40e4%7Cc6e5ea44c2d5463f846a4114fbe55ebf%7C0%7C0%7C638977743426156276%7CUnknown%7CTWFpbGZsb3d8eyJFbXB0eU1hcGkiOnRydWUsIlYiOiIwLjAuMDAwMCIsIlAiOiJXaW4zMiIsIkFOIjoiTWFpbCIsIldUIjoyfQ%3D%3D%7C0%7C%7C%7C&amp;sdata=7dF0LWnf94N1vMjvswbHogICXW8iDEfwMgcvJPSX22s%3D&amp;reserved=0\" target=\"_blank\" rel=\"noopener noreferrer\" data-linkindex=\"0\" data-auth=\"NotApplicable\" data-olk-copy-source=\"MessageBody\">EDITAL APRENDIZAGEM 2026.1 \u2013 Preencher o formul\u00e1rio<\/a><\/p>","protected":false},"excerpt":{"rendered":"<p>Se voc\u00ea \u00e9 propriet\u00e1rio ou respons\u00e1vel pelos recursos humanos de uma empresa industrial em Pernambuco, \u00e9 essencial que esteja por dentro das responsabilidades e dos benef\u00edcios proporcionados pela Lei do Aprendiz. Atualmente, toda empresa industrial pernambucana com mais de seis funcion\u00e1rios deve ter pleno conhecimento do seu c\u00e1lculo da cota de aprendizagem. Ou seja, para [&hellip;]<\/p>","protected":false},"author":1,"featured_media":850103,"parent":71,"menu_order":0,"comment_status":"closed","ping_status":"closed","template":"page-para-sua-empresa-interna.php","meta":{"_acf_changed":false,"footnotes":""},"acf":[],"_links":{"self":[{"href":"https:\/\/www.pe.senai.br\/en\/wp-json\/wp\/v2\/pages\/19569"}],"collection":[{"href":"https:\/\/www.pe.senai.br\/en\/wp-json\/wp\/v2\/pages"}],"about":[{"href":"https:\/\/www.pe.senai.br\/en\/wp-json\/wp\/v2\/types\/page"}],"author":[{"embeddable":true,"href":"https:\/\/www.pe.senai.br\/en\/wp-json\/wp\/v2\/users\/1"}],"replies":[{"embeddable":true,"href":"https:\/\/www.pe.senai.br\/en\/wp-json\/wp\/v2\/comments?post=19569"}],"version-history":[{"count":34,"href":"https:\/\/www.pe.senai.br\/en\/wp-json\/wp\/v2\/pages\/19569\/revisions"}],"predecessor-version":[{"id":1196294,"href":"https:\/\/www.pe.senai.br\/en\/wp-json\/wp\/v2\/pages\/19569\/revisions\/1196294"}],"up":[{"embeddable":true,"href":"https:\/\/www.pe.senai.br\/en\/wp-json\/wp\/v2\/pages\/71"}],"wp:featuredmedia":[{"embeddable":true,"href":"https:\/\/www.pe.senai.br\/en\/wp-json\/wp\/v2\/media\/850103"}],"wp:attachment":[{"href":"https:\/\/www.pe.senai.br\/en\/wp-json\/wp\/v2\/media?parent=19569"}],"curies":[{"name":"wp","href":"https:\/\/api.w.org\/{rel}","templated":true}]}}