{"id":19567,"date":"2020-08-06T14:09:51","date_gmt":"2020-08-06T14:09:51","guid":{"rendered":"http:\/\/18.191.248.85\/?page_id=19567"},"modified":"2025-09-04T19:36:39","modified_gmt":"2025-09-04T19:36:39","slug":"ead-2","status":"publish","type":"page","link":"https:\/\/www.pe.senai.br\/en\/para-sua-empresa\/ead-2\/","title":{"rendered":"EAD"},"content":{"rendered":"<p>A Educa\u00e7\u00e3o a Dist\u00e2ncia (EAD) permite que aluno e professor, mesmo em locais e tempos diferentes, possam interagir virtualmente e desenvolver atividades educativas. Dessa forma, estudantes que residem nas regi\u00f5es mais remotas podem ter acesso ao conhecimento e expandir as perspectivas profissionais. As matr\u00edculas j\u00e1 est\u00e3o abertas e podem ser feitas pelos contatos abaixo:<\/p>\n<p>&nbsp;<\/p>","protected":false},"excerpt":{"rendered":"<p>A Educa\u00e7\u00e3o a Dist\u00e2ncia (EAD) permite que aluno e professor, mesmo em locais e tempos diferentes, possam interagir virtualmente e desenvolver atividades educativas. Dessa forma, estudantes que residem nas regi\u00f5es mais remotas podem ter acesso ao conhecimento e expandir as perspectivas profissionais. As matr\u00edculas j\u00e1 est\u00e3o abertas e podem ser feitas pelos contatos abaixo: &nbsp;<\/p>","protected":false},"author":1,"featured_media":932,"parent":71,"menu_order":0,"comment_status":"closed","ping_status":"closed","template":"page-para-sua-empresa-interna.php","meta":{"_acf_changed":false,"footnotes":""},"acf":[],"_links":{"self":[{"href":"https:\/\/www.pe.senai.br\/en\/wp-json\/wp\/v2\/pages\/19567"}],"collection":[{"href":"https:\/\/www.pe.senai.br\/en\/wp-json\/wp\/v2\/pages"}],"about":[{"href":"https:\/\/www.pe.senai.br\/en\/wp-json\/wp\/v2\/types\/page"}],"author":[{"embeddable":true,"href":"https:\/\/www.pe.senai.br\/en\/wp-json\/wp\/v2\/users\/1"}],"replies":[{"embeddable":true,"href":"https:\/\/www.pe.senai.br\/en\/wp-json\/wp\/v2\/comments?post=19567"}],"version-history":[{"count":2,"href":"https:\/\/www.pe.senai.br\/en\/wp-json\/wp\/v2\/pages\/19567\/revisions"}],"predecessor-version":[{"id":1144730,"href":"https:\/\/www.pe.senai.br\/en\/wp-json\/wp\/v2\/pages\/19567\/revisions\/1144730"}],"up":[{"embeddable":true,"href":"https:\/\/www.pe.senai.br\/en\/wp-json\/wp\/v2\/pages\/71"}],"wp:featuredmedia":[{"embeddable":true,"href":"https:\/\/www.pe.senai.br\/en\/wp-json\/wp\/v2\/media\/932"}],"wp:attachment":[{"href":"https:\/\/www.pe.senai.br\/en\/wp-json\/wp\/v2\/media?parent=19567"}],"curies":[{"name":"wp","href":"https:\/\/api.w.org\/{rel}","templated":true}]}}