{"id":19565,"date":"2019-11-20T14:08:44","date_gmt":"2019-11-20T14:08:44","guid":{"rendered":"http:\/\/18.191.248.85\/?page_id=19565"},"modified":"2020-10-29T14:22:39","modified_gmt":"2020-10-29T14:22:39","slug":"avaliacao-de-empresas-atendidas","status":"publish","type":"page","link":"https:\/\/www.pe.senai.br\/en\/para-sua-empresa\/avaliacao-de-empresas-atendidas\/","title":{"rendered":"Evaluation of Companies Served"},"content":{"rendered":"<p>Visando melhor adequar os servi\u00e7os prestados em <strong>Technology and Innovation<\/strong> (consultoria, metrologia e projetos de inova\u00e7\u00e3o) e em <strong>Educa\u00e7\u00e3o Profissional<\/strong> (cursos e treinamentos) \u00e0s expectativas dos nossos clientes, o SENAI PE solicita sua participa\u00e7\u00e3o em uma breve avalia\u00e7\u00e3o de satisfa\u00e7\u00e3o dos servi\u00e7os conclu\u00eddos. Para participar, clique em \u201cAvalia\u00e7\u00e3o Cliente SENAI PE\u201d, insira a senha encaminhada por e-mail e responda a avalia\u00e7\u00e3o.<\/p>\n<p>Para maiores informa\u00e7\u00f5es, entre em contato conosco atrav\u00e9s do e-mail: <a href=\"mailto:avalicao.senai@pe.senai.br\">avalicao.senai@pe.senai.br<\/a><\/p>","protected":false},"excerpt":{"rendered":"<p>Visando melhor adequar os servi\u00e7os prestados em Tecnologia e Inova\u00e7\u00e3o (consultoria, metrologia e projetos de inova\u00e7\u00e3o) e em Educa\u00e7\u00e3o Profissional (cursos e treinamentos) \u00e0s expectativas dos nossos clientes, o SENAI PE solicita sua participa\u00e7\u00e3o em uma breve avalia\u00e7\u00e3o de satisfa\u00e7\u00e3o dos servi\u00e7os conclu\u00eddos. Para participar, clique em \u201cAvalia\u00e7\u00e3o Cliente SENAI PE\u201d, insira a senha encaminhada [&hellip;]<\/p>","protected":false},"author":1,"featured_media":921,"parent":71,"menu_order":0,"comment_status":"closed","ping_status":"closed","template":"page-para-sua-empresa-interna.php","meta":{"_acf_changed":false,"footnotes":""},"acf":[],"_links":{"self":[{"href":"https:\/\/www.pe.senai.br\/en\/wp-json\/wp\/v2\/pages\/19565"}],"collection":[{"href":"https:\/\/www.pe.senai.br\/en\/wp-json\/wp\/v2\/pages"}],"about":[{"href":"https:\/\/www.pe.senai.br\/en\/wp-json\/wp\/v2\/types\/page"}],"author":[{"embeddable":true,"href":"https:\/\/www.pe.senai.br\/en\/wp-json\/wp\/v2\/users\/1"}],"replies":[{"embeddable":true,"href":"https:\/\/www.pe.senai.br\/en\/wp-json\/wp\/v2\/comments?post=19565"}],"version-history":[{"count":0,"href":"https:\/\/www.pe.senai.br\/en\/wp-json\/wp\/v2\/pages\/19565\/revisions"}],"up":[{"embeddable":true,"href":"https:\/\/www.pe.senai.br\/en\/wp-json\/wp\/v2\/pages\/71"}],"wp:featuredmedia":[{"embeddable":true,"href":"https:\/\/www.pe.senai.br\/en\/wp-json\/wp\/v2\/media\/921"}],"wp:attachment":[{"href":"https:\/\/www.pe.senai.br\/en\/wp-json\/wp\/v2\/media?parent=19565"}],"curies":[{"name":"wp","href":"https:\/\/api.w.org\/{rel}","templated":true}]}}