{"id":19561,"date":"2019-11-20T14:07:27","date_gmt":"2019-11-20T14:07:27","guid":{"rendered":"http:\/\/18.191.248.85\/?page_id=19561"},"modified":"2025-07-07T17:05:45","modified_gmt":"2025-07-07T17:05:45","slug":"consultorias","status":"publish","type":"page","link":"https:\/\/www.pe.senai.br\/en\/para-sua-empresa\/consultorias\/","title":{"rendered":"Consulting"},"content":{"rendered":"<p>O SENAI oferece consultorias especializadas, realizadas por profissionais capacitados no ambiente industrial. Temos a experi\u00eancia em empresas de diversos segmentos. Al\u00e9m disso, nossa infraestrutura laboratorial nos permite desenvolver testes e an\u00e1lises mais espec\u00edficos para identificar oportunidades e propor solu\u00e7\u00f5es.<\/p>\n<p>Para tornar sua ind\u00fastria mais competitiva, voc\u00ea pode contar com a ajuda dos nossos consultores, que analisam os processos produtivos da sua empresa, identificam as problem\u00e1ticas e prop\u00f5em solu\u00e7\u00f5es tecnol\u00f3gicas sob medida para reduzir desperd\u00edcios, identificar gargalos e aumentar a produtividade. Todo processo \u00e9 acompanhado de perto pelos nossos profissionais, desde a implementa\u00e7\u00e3o at\u00e9 a an\u00e1lise dos resultados.<\/p>\n<p>Atuamos tamb\u00e9m com programas nacionais de desenvolvimento industrial e econ\u00f4mico, utilizamos metodologias mundialmente conhecidas para implantar na sua empresa as melhores pr\u00e1ticas que garantem os resultados que voc\u00ea espera. Veja abaixo nossas principais consultorias e agende uma visita para saber mais detalhes:<\/p>","protected":false},"excerpt":{"rendered":"<p>O SENAI oferece consultorias especializadas, realizadas por profissionais capacitados no ambiente industrial. Temos a experi\u00eancia em empresas de diversos segmentos. Al\u00e9m disso, nossa infraestrutura laboratorial nos permite desenvolver testes e an\u00e1lises mais espec\u00edficos para identificar oportunidades e propor solu\u00e7\u00f5es. Para tornar sua ind\u00fastria mais competitiva, voc\u00ea pode contar com a ajuda dos nossos consultores, que [&hellip;]<\/p>","protected":false},"author":1,"featured_media":928,"parent":71,"menu_order":0,"comment_status":"closed","ping_status":"closed","template":"page-para-sua-empresa-interna.php","meta":{"_acf_changed":false,"footnotes":""},"acf":[],"_links":{"self":[{"href":"https:\/\/www.pe.senai.br\/en\/wp-json\/wp\/v2\/pages\/19561"}],"collection":[{"href":"https:\/\/www.pe.senai.br\/en\/wp-json\/wp\/v2\/pages"}],"about":[{"href":"https:\/\/www.pe.senai.br\/en\/wp-json\/wp\/v2\/types\/page"}],"author":[{"embeddable":true,"href":"https:\/\/www.pe.senai.br\/en\/wp-json\/wp\/v2\/users\/1"}],"replies":[{"embeddable":true,"href":"https:\/\/www.pe.senai.br\/en\/wp-json\/wp\/v2\/comments?post=19561"}],"version-history":[{"count":4,"href":"https:\/\/www.pe.senai.br\/en\/wp-json\/wp\/v2\/pages\/19561\/revisions"}],"predecessor-version":[{"id":1121809,"href":"https:\/\/www.pe.senai.br\/en\/wp-json\/wp\/v2\/pages\/19561\/revisions\/1121809"}],"up":[{"embeddable":true,"href":"https:\/\/www.pe.senai.br\/en\/wp-json\/wp\/v2\/pages\/71"}],"wp:featuredmedia":[{"embeddable":true,"href":"https:\/\/www.pe.senai.br\/en\/wp-json\/wp\/v2\/media\/928"}],"wp:attachment":[{"href":"https:\/\/www.pe.senai.br\/en\/wp-json\/wp\/v2\/media?parent=19561"}],"curies":[{"name":"wp","href":"https:\/\/api.w.org\/{rel}","templated":true}]}}