{"id":19559,"date":"2019-11-20T14:06:33","date_gmt":"2019-11-20T14:06:33","guid":{"rendered":"http:\/\/18.191.248.85\/?page_id=19559"},"modified":"2025-07-07T17:03:48","modified_gmt":"2025-07-07T17:03:48","slug":"ensaios-laboratoriais","status":"publish","type":"page","link":"https:\/\/www.pe.senai.br\/en\/para-sua-empresa\/ensaios-laboratoriais\/","title":{"rendered":"Laboratory Tests"},"content":{"rendered":"<p>Ligue 0800 600 9606 para falar conosco<\/p>\n<p>To ensure good quality management in your industry, it is essential to analyze and control materials and products in accordance with legal and regulatory requirements.<\/p>\n<p>Por isso, o SENAI-PE conta com laborat\u00f3rios especializados e altamente equipados que prestam servi\u00e7os de dosagem, testagem, avalia\u00e7\u00e3o da conformidade e calibra\u00e7\u00e3o sob normas e regulamentos t\u00e9cnicos nacionais e internacionais. Tudo isso atestado por \u00f3rg\u00e3os e entidades competentes.<\/p>\n<p>Al\u00e9m das an\u00e1lises das an\u00e1lises dispon\u00edveis em nossos laborat\u00f3rios, tamb\u00e9m contamos com a rede de SENAI de Institutos Tecnol\u00f3gicos que possui 58 unidades em todo o pa\u00eds. Assim, podemos oferecer ainda mais servi\u00e7os e solu\u00e7\u00f5es para atender totalmente a sua empresa.<\/p>\n<p>Conhe\u00e7a os servi\u00e7os de an\u00e1lise e ensaios do SENAI:<\/p>","protected":false},"excerpt":{"rendered":"<p>Ligue 0800 600 9606 para falar conosco Para garantir uma boa gest\u00e3o de qualidade na sua ind\u00fastria, \u00e9 fundamental analisar e controlar os materiais e os produtos de acordo com as exig\u00eancias legais e normativas. Por isso, o SENAI-PE conta com laborat\u00f3rios especializados e altamente equipados que prestam servi\u00e7os de dosagem, testagem, avalia\u00e7\u00e3o da conformidade [&hellip;]<\/p>","protected":false},"author":1,"featured_media":930,"parent":71,"menu_order":0,"comment_status":"closed","ping_status":"closed","template":"page-para-sua-empresa-interna.php","meta":{"_acf_changed":false,"footnotes":""},"acf":[],"_links":{"self":[{"href":"https:\/\/www.pe.senai.br\/en\/wp-json\/wp\/v2\/pages\/19559"}],"collection":[{"href":"https:\/\/www.pe.senai.br\/en\/wp-json\/wp\/v2\/pages"}],"about":[{"href":"https:\/\/www.pe.senai.br\/en\/wp-json\/wp\/v2\/types\/page"}],"author":[{"embeddable":true,"href":"https:\/\/www.pe.senai.br\/en\/wp-json\/wp\/v2\/users\/1"}],"replies":[{"embeddable":true,"href":"https:\/\/www.pe.senai.br\/en\/wp-json\/wp\/v2\/comments?post=19559"}],"version-history":[{"count":20,"href":"https:\/\/www.pe.senai.br\/en\/wp-json\/wp\/v2\/pages\/19559\/revisions"}],"predecessor-version":[{"id":1121807,"href":"https:\/\/www.pe.senai.br\/en\/wp-json\/wp\/v2\/pages\/19559\/revisions\/1121807"}],"up":[{"embeddable":true,"href":"https:\/\/www.pe.senai.br\/en\/wp-json\/wp\/v2\/pages\/71"}],"wp:featuredmedia":[{"embeddable":true,"href":"https:\/\/www.pe.senai.br\/en\/wp-json\/wp\/v2\/media\/930"}],"wp:attachment":[{"href":"https:\/\/www.pe.senai.br\/en\/wp-json\/wp\/v2\/media?parent=19559"}],"curies":[{"name":"wp","href":"https:\/\/api.w.org\/{rel}","templated":true}]}}