{"id":181,"date":"2019-11-20T16:31:56","date_gmt":"2019-11-20T16:31:56","guid":{"rendered":"http:\/\/3.133.139.169\/?page_id=181"},"modified":"2025-11-10T17:20:15","modified_gmt":"2025-11-10T17:20:15","slug":"cursos-in-company","status":"publish","type":"page","link":"https:\/\/www.pe.senai.br\/en\/para-sua-empresa\/cursos-in-company\/","title":{"rendered":"In-company courses"},"content":{"rendered":"<p>O SENAI-PE oferece cursos customizados\u00a0<em>In Company<\/em>, que podem ser realizados dentro da sua empresa, adequando-se, inclusive, aos seus hor\u00e1rios de funcionamento, seja ela pequena, m\u00e9dia ou grande. Os cursos s\u00e3o personalizados de acordo com as necessidades e o segmento de atua\u00e7\u00e3o da sua ind\u00fastria.<\/p>\n<p>As aulas s\u00e3o ministradas por docentes do SENAI-PE especializados em seguran\u00e7a do trabalho, mecatr\u00f4nica, eletromec\u00e2nica, entre outras \u00e1reas. Tudo isso para qualificar e motivar seus colaboradores com o padr\u00e3o SENAI de qualidade, garantindo mais produtividade, economia e flexibilidade para o seu neg\u00f3cio<\/p>","protected":false},"excerpt":{"rendered":"<p>O SENAI-PE oferece cursos customizados\u00a0In Company, que podem ser realizados dentro da sua empresa, adequando-se, inclusive, aos seus hor\u00e1rios de funcionamento, seja ela pequena, m\u00e9dia ou grande. Os cursos s\u00e3o personalizados de acordo com as necessidades e o segmento de atua\u00e7\u00e3o da sua ind\u00fastria. As aulas s\u00e3o ministradas por docentes do SENAI-PE especializados em seguran\u00e7a [&hellip;]<\/p>","protected":false},"author":1,"featured_media":931,"parent":71,"menu_order":0,"comment_status":"closed","ping_status":"closed","template":"page-para-sua-empresa-interna.php","meta":{"_acf_changed":false,"footnotes":""},"acf":[],"_links":{"self":[{"href":"https:\/\/www.pe.senai.br\/en\/wp-json\/wp\/v2\/pages\/181"}],"collection":[{"href":"https:\/\/www.pe.senai.br\/en\/wp-json\/wp\/v2\/pages"}],"about":[{"href":"https:\/\/www.pe.senai.br\/en\/wp-json\/wp\/v2\/types\/page"}],"author":[{"embeddable":true,"href":"https:\/\/www.pe.senai.br\/en\/wp-json\/wp\/v2\/users\/1"}],"replies":[{"embeddable":true,"href":"https:\/\/www.pe.senai.br\/en\/wp-json\/wp\/v2\/comments?post=181"}],"version-history":[{"count":2,"href":"https:\/\/www.pe.senai.br\/en\/wp-json\/wp\/v2\/pages\/181\/revisions"}],"predecessor-version":[{"id":1170344,"href":"https:\/\/www.pe.senai.br\/en\/wp-json\/wp\/v2\/pages\/181\/revisions\/1170344"}],"up":[{"embeddable":true,"href":"https:\/\/www.pe.senai.br\/en\/wp-json\/wp\/v2\/pages\/71"}],"wp:featuredmedia":[{"embeddable":true,"href":"https:\/\/www.pe.senai.br\/en\/wp-json\/wp\/v2\/media\/931"}],"wp:attachment":[{"href":"https:\/\/www.pe.senai.br\/en\/wp-json\/wp\/v2\/media?parent=181"}],"curies":[{"name":"wp","href":"https:\/\/api.w.org\/{rel}","templated":true}]}}