{"id":1071,"date":"2020-07-24T13:45:09","date_gmt":"2020-07-24T13:45:09","guid":{"rendered":"http:\/\/18.191.248.85\/?page_id=1071"},"modified":"2020-08-06T14:44:10","modified_gmt":"2020-08-06T14:44:10","slug":"nossos-parceiros","status":"publish","type":"page","link":"https:\/\/www.pe.senai.br\/en\/inovacao\/nossos-parceiros\/","title":{"rendered":"Nossos parceiros"},"content":{"rendered":"<p>Para realizar projetos de alto valor agregado que atendam \u00e0s expectativas da ind\u00fastria, o ISI-TICs busca parceiros nacionais e internacionais para complementar compet\u00eancias e fomentar a inova\u00e7\u00e3o aberta, trazendo como efeito colateral o crescimento da rede de parceiros e a forma\u00e7\u00e3o de compet\u00eancias dentro do Instituto.<\/p>\n<p>&nbsp;<\/p>\n<table width=\"0\">\n<tbody>\n<tr>\n<td width=\"276\">Radford University<\/td>\n<td width=\"297\">ISI-Microeletr\u00f4nica AM<\/td>\n<\/tr>\n<tr>\n<td width=\"276\">ITA<\/td>\n<td width=\"297\">ISI-Sistemas Embarcados SC<\/td>\n<\/tr>\n<tr>\n<td width=\"276\">USP<\/td>\n<td width=\"297\">ISI-Energias Renov\u00e1veis RN<\/td>\n<\/tr>\n<tr>\n<td width=\"276\">Centro de Informatica UFPE<\/td>\n<td width=\"297\">ISI-Engenharia de Superf\u00edcies MG<\/td>\n<\/tr>\n<tr>\n<td width=\"276\">UFRPE<\/td>\n<td width=\"297\">ISI-Sistemas Virtuais de Produ\u00e7\u00e3o RJ<\/td>\n<\/tr>\n<tr>\n<td width=\"276\">CIT (SENAI MG)<\/td>\n<td width=\"297\">ISI-Processamento a Laser SC<\/td>\n<\/tr>\n<tr>\n<td width=\"276\">CIMATEC (SENAI BA)<\/td>\n<td width=\"297\">ISI-Sistemas Integrados de Manufatura SC<\/td>\n<\/tr>\n<tr>\n<td width=\"276\">Porto Digital<\/td>\n<td width=\"297\">ISI-Biomassa MS<\/td>\n<\/tr>\n<tr>\n<td width=\"276\">CESAR<\/td>\n<td width=\"297\">ISI-Engenharia de Estruturas PR<\/td>\n<\/tr>\n<tr>\n<td width=\"276\">Softex Recife<\/td>\n<td width=\"297\">IST-Automa\u00e7\u00e3o GO<\/td>\n<\/tr>\n<tr>\n<td width=\"276\"><\/td>\n<td width=\"297\">IST-Log\u00edstica SP<\/td>\n<\/tr>\n<tr>\n<td width=\"276\"><\/td>\n<td width=\"297\">IST-Alimentos e Bebidas MS<\/td>\n<\/tr>\n<tr>\n<td width=\"276\"><\/td>\n<td width=\"297\">IST-Eletr\u00f4nica e Automa\u00e7\u00e3o SP<\/td>\n<\/tr>\n<\/tbody>\n<\/table>","protected":false},"excerpt":{"rendered":"<p>Para realizar projetos de alto valor agregado que atendam \u00e0s expectativas da ind\u00fastria, o ISI-TICs busca parceiros nacionais e internacionais para complementar compet\u00eancias e fomentar a inova\u00e7\u00e3o aberta, trazendo como efeito colateral o crescimento da rede de parceiros e a forma\u00e7\u00e3o de compet\u00eancias dentro do Instituto. &nbsp; Radford University ISI-Microeletr\u00f4nica AM ITA ISI-Sistemas Embarcados SC [&hellip;]<\/p>","protected":false},"author":2,"featured_media":1130,"parent":19548,"menu_order":0,"comment_status":"closed","ping_status":"closed","template":"page-inovacao-interna.php","meta":{"_acf_changed":false,"footnotes":""},"acf":[],"_links":{"self":[{"href":"https:\/\/www.pe.senai.br\/en\/wp-json\/wp\/v2\/pages\/1071"}],"collection":[{"href":"https:\/\/www.pe.senai.br\/en\/wp-json\/wp\/v2\/pages"}],"about":[{"href":"https:\/\/www.pe.senai.br\/en\/wp-json\/wp\/v2\/types\/page"}],"author":[{"embeddable":true,"href":"https:\/\/www.pe.senai.br\/en\/wp-json\/wp\/v2\/users\/2"}],"replies":[{"embeddable":true,"href":"https:\/\/www.pe.senai.br\/en\/wp-json\/wp\/v2\/comments?post=1071"}],"version-history":[{"count":0,"href":"https:\/\/www.pe.senai.br\/en\/wp-json\/wp\/v2\/pages\/1071\/revisions"}],"up":[{"embeddable":true,"href":"https:\/\/www.pe.senai.br\/en\/wp-json\/wp\/v2\/pages\/19548"}],"wp:featuredmedia":[{"embeddable":true,"href":"https:\/\/www.pe.senai.br\/en\/wp-json\/wp\/v2\/media\/1130"}],"wp:attachment":[{"href":"https:\/\/www.pe.senai.br\/en\/wp-json\/wp\/v2\/media?parent=1071"}],"curies":[{"name":"wp","href":"https:\/\/api.w.org\/{rel}","templated":true}]}}