{"id":1069,"date":"2020-07-24T13:44:48","date_gmt":"2020-07-24T13:44:48","guid":{"rendered":"http:\/\/18.191.248.85\/?page_id=1069"},"modified":"2020-10-29T19:38:37","modified_gmt":"2020-10-29T19:38:37","slug":"empresas-que-atendemos","status":"publish","type":"page","link":"https:\/\/www.pe.senai.br\/en\/inovacao\/empresas-que-atendemos\/","title":{"rendered":"Empresas que atendemos"},"content":{"rendered":"<p>O ISI-TICs tem em sua carteira de empresas atendidas empresas de diversos setores econ\u00f4micos e de portes que v\u00e3o de gigantes a<em> startups<\/em>. Essa mistura de perfis de empresas atendidas \u00e9 interessante por mostrar de forma pr\u00e1tica como o processo de inova\u00e7\u00e3o se constr\u00f3i: desde melhorias internas visualizadas em grandes empresas a propostas de <em>startups<\/em> que visam tornarem-se fornecedoras de solu\u00e7\u00f5es disruptivas para a ind\u00fastria.<\/p>\n<p><img decoding=\"async\" class=\"alignnone wp-image-1083\" src=\"http:\/\/18.191.248.85\/wp-content\/uploads\/2020\/07\/Apresenta\u00e7\u00e3o11111-204x300.jpg\" alt=\"\" width=\"838\" height=\"1232\" srcset=\"https:\/\/www.pe.senai.br\/wp-content\/uploads\/2020\/07\/Apresenta\u00e7\u00e3o11111-204x300.jpg 204w, https:\/\/www.pe.senai.br\/wp-content\/uploads\/2020\/07\/Apresenta\u00e7\u00e3o11111-697x1024.jpg 697w, https:\/\/www.pe.senai.br\/wp-content\/uploads\/2020\/07\/Apresenta\u00e7\u00e3o11111.jpg 720w\" sizes=\"(max-width: 838px) 100vw, 838px\" \/><\/p>","protected":false},"excerpt":{"rendered":"<p>O ISI-TICs tem em sua carteira de empresas atendidas empresas de diversos setores econ\u00f4micos e de portes que v\u00e3o de gigantes a startups. Essa mistura de perfis de empresas atendidas \u00e9 interessante por mostrar de forma pr\u00e1tica como o processo de inova\u00e7\u00e3o se constr\u00f3i: desde melhorias internas visualizadas em grandes empresas a propostas de startups [&hellip;]<\/p>","protected":false},"author":2,"featured_media":1131,"parent":19548,"menu_order":0,"comment_status":"closed","ping_status":"closed","template":"page-inovacao-interna.php","meta":{"_acf_changed":false,"footnotes":""},"acf":[],"_links":{"self":[{"href":"https:\/\/www.pe.senai.br\/en\/wp-json\/wp\/v2\/pages\/1069"}],"collection":[{"href":"https:\/\/www.pe.senai.br\/en\/wp-json\/wp\/v2\/pages"}],"about":[{"href":"https:\/\/www.pe.senai.br\/en\/wp-json\/wp\/v2\/types\/page"}],"author":[{"embeddable":true,"href":"https:\/\/www.pe.senai.br\/en\/wp-json\/wp\/v2\/users\/2"}],"replies":[{"embeddable":true,"href":"https:\/\/www.pe.senai.br\/en\/wp-json\/wp\/v2\/comments?post=1069"}],"version-history":[{"count":0,"href":"https:\/\/www.pe.senai.br\/en\/wp-json\/wp\/v2\/pages\/1069\/revisions"}],"up":[{"embeddable":true,"href":"https:\/\/www.pe.senai.br\/en\/wp-json\/wp\/v2\/pages\/19548"}],"wp:featuredmedia":[{"embeddable":true,"href":"https:\/\/www.pe.senai.br\/en\/wp-json\/wp\/v2\/media\/1131"}],"wp:attachment":[{"href":"https:\/\/www.pe.senai.br\/en\/wp-json\/wp\/v2\/media?parent=1069"}],"curies":[{"name":"wp","href":"https:\/\/api.w.org\/{rel}","templated":true}]}}