{"id":1065,"date":"2020-07-24T13:43:19","date_gmt":"2020-07-24T13:43:19","guid":{"rendered":"http:\/\/18.191.248.85\/?page_id=1065"},"modified":"2020-10-29T19:49:47","modified_gmt":"2020-10-29T19:49:47","slug":"solucoes-que-desenvolvemos","status":"publish","type":"page","link":"https:\/\/www.pe.senai.br\/en\/inovacao\/solucoes-que-desenvolvemos\/","title":{"rendered":"Solu\u00e7\u00f5es que desenvolvemos"},"content":{"rendered":"<p>O ISI-TICs baseia sua atua\u00e7\u00e3o junto \u00e0 ind\u00fastria e aos parceiros no modelo de inova\u00e7\u00e3o aberta (<em>Open Innovation<\/em>), no qual atua em parceria com os executores do projeto em uma solu\u00e7\u00e3o de ponta a ponta e visando prontid\u00e3o tecnol\u00f3gica. As solu\u00e7\u00f5es desenvolvidas nesta sinergia do ISI-TICs com os demais participantes s\u00e3o classificadas em:<strong>\u00a0<\/strong><\/p>\n<ul>\n<li>MVPs de novos produtos e servi\u00e7os inovadores;<\/li>\n<li>Projetos de transi\u00e7\u00e3o para a Ind\u00fastria 4.0;<\/li>\n<li>Uso de tecnologias para transforma\u00e7\u00e3o digital das empresas;<\/li>\n<li>P&amp;D de novas de tecnologias para o mercado;<\/li>\n<li>Solu\u00e7\u00f5es em TICs na resolu\u00e7\u00e3o de gargalos operacionais\/produ\u00e7\u00e3o;<\/li>\n<li>Sistemas inteligentes e Data-driven (ci\u00eancia de dados);<\/li>\n<li>Solu\u00e7\u00f5es em SmartCities e GovTech;<\/li>\n<li>Seguran\u00e7a da informa\u00e7\u00e3o, privacidade e prote\u00e7\u00e3o de dados;<\/li>\n<li>Solu\u00e7\u00f5es tecnol\u00f3gicas de grande impacto voltadas para uma cadeia ou segmento industrial;<\/li>\n<li>Solu\u00e7\u00f5es escalon\u00e1veis e massific\u00e1veis;<\/li>\n<li>Incorpora\u00e7\u00e3o de diversas aplica\u00e7\u00f5es para atendimento de necessidades de uma cadeia produtiva ou segmento;<\/li>\n<li>Evolu\u00e7\u00e3o constante por meio de linhas de pesquisas e necessidades industriais;<\/li>\n<li>Plataforma de software transversal como vetor da transforma\u00e7\u00e3o\/inova\u00e7\u00e3o.<\/li>\n<\/ul>\n<p>Podemos destacar esta \u00faltima categoria como um fator chave de inova\u00e7\u00e3o, pois atrav\u00e9s de plataformas \u00e9 poss\u00edvel prover solu\u00e7\u00f5es escalon\u00e1veis e massific\u00e1veis de alto impacto para toda uma cadeia ou segmento industrial, incorporando facilmente diversas aplica\u00e7\u00f5es e sendo poss\u00edvel evolu\u00e7\u00f5es constantes para atender \u00e0s necessidades industriais. Plataformas normalmente s\u00e3o entregues atrav\u00e9s de ciclos que passam por um projeto (P&amp;D para resolver o problema), um piloto (experimenta\u00e7\u00e3o) e a evolu\u00e7\u00e3o. Al\u00e9m disso, solu\u00e7\u00f5es entregues na forma de plataformas permitem adapta\u00e7\u00f5es a outros segmentos e contextos, de forma fluida e consistente.<\/p>","protected":false},"excerpt":{"rendered":"<p>O ISI-TICs baseia sua atua\u00e7\u00e3o junto \u00e0 ind\u00fastria e aos parceiros no modelo de inova\u00e7\u00e3o aberta (Open Innovation), no qual atua em parceria com os executores do projeto em uma solu\u00e7\u00e3o de ponta a ponta e visando prontid\u00e3o tecnol\u00f3gica. As solu\u00e7\u00f5es desenvolvidas nesta sinergia do ISI-TICs com os demais participantes s\u00e3o classificadas em:\u00a0 MVPs de [&hellip;]<\/p>","protected":false},"author":2,"featured_media":1128,"parent":19548,"menu_order":0,"comment_status":"closed","ping_status":"closed","template":"page-inovacao-interna.php","meta":{"_acf_changed":false,"footnotes":""},"acf":[],"_links":{"self":[{"href":"https:\/\/www.pe.senai.br\/en\/wp-json\/wp\/v2\/pages\/1065"}],"collection":[{"href":"https:\/\/www.pe.senai.br\/en\/wp-json\/wp\/v2\/pages"}],"about":[{"href":"https:\/\/www.pe.senai.br\/en\/wp-json\/wp\/v2\/types\/page"}],"author":[{"embeddable":true,"href":"https:\/\/www.pe.senai.br\/en\/wp-json\/wp\/v2\/users\/2"}],"replies":[{"embeddable":true,"href":"https:\/\/www.pe.senai.br\/en\/wp-json\/wp\/v2\/comments?post=1065"}],"version-history":[{"count":0,"href":"https:\/\/www.pe.senai.br\/en\/wp-json\/wp\/v2\/pages\/1065\/revisions"}],"up":[{"embeddable":true,"href":"https:\/\/www.pe.senai.br\/en\/wp-json\/wp\/v2\/pages\/19548"}],"wp:featuredmedia":[{"embeddable":true,"href":"https:\/\/www.pe.senai.br\/en\/wp-json\/wp\/v2\/media\/1128"}],"wp:attachment":[{"href":"https:\/\/www.pe.senai.br\/en\/wp-json\/wp\/v2\/media?parent=1065"}],"curies":[{"name":"wp","href":"https:\/\/api.w.org\/{rel}","templated":true}]}}