{"id":1061,"date":"2020-07-24T13:38:52","date_gmt":"2020-07-24T13:38:52","guid":{"rendered":"http:\/\/18.191.248.85\/?page_id=1061"},"modified":"2020-10-29T19:32:48","modified_gmt":"2020-10-29T19:32:48","slug":"competencias-tecnologicas","status":"publish","type":"page","link":"https:\/\/www.pe.senai.br\/en\/inovacao\/competencias-tecnologicas\/","title":{"rendered":"Compet\u00eancias tecnol\u00f3gicas"},"content":{"rendered":"<p>O Instituto SENAI de Inova\u00e7\u00e3o para TICs possui no seu corpo t\u00e9cnico profissionais das tecnologias da informa\u00e7\u00e3o e comunica\u00e7\u00e3o e \u00e1reas correlatas, com profici\u00eancia em compet\u00eancias tecnol\u00f3gicas, tais quais:<\/p>\n<ul>\n<li>Internet das Coisas e de Tudo<\/li>\n<li>Data Analytics<\/li>\n<li>Big Data<\/li>\n<li>Aprendizagem de M\u00e1quina<\/li>\n<li>Intelig\u00eancia Artificial<\/li>\n<li>Everything-as-a-Service (Computa\u00e7\u00e3o em Nuvem)<\/li>\n<li>Plataformas de software<\/li>\n<li>Realidade Virtual e Aumentada<\/li>\n<li>User Centered Design<\/li>\n<li>Vis\u00e3o Computacional<\/li>\n<li>Blockchain<\/li>\n<\/ul>\n<p>Lan\u00e7ando m\u00e3o das compet\u00eancias destacadas, aliadas as demais compet\u00eancias presentes no instituto, o ISI-TICs desenvolve suas solu\u00e7\u00f5es intensivas (mas n\u00e3o exclusivas) em software para todos os setores da cadeira produtiva, defendendo que o uso de software \u00e9 o fator diferencial para o sucesso dos neg\u00f3cios.<\/p>","protected":false},"excerpt":{"rendered":"<p>O Instituto SENAI de Inova\u00e7\u00e3o para TICs possui no seu corpo t\u00e9cnico profissionais das tecnologias da informa\u00e7\u00e3o e comunica\u00e7\u00e3o e \u00e1reas correlatas, com profici\u00eancia em compet\u00eancias tecnol\u00f3gicas, tais quais: Internet das Coisas e de Tudo Data Analytics Big Data Aprendizagem de M\u00e1quina Intelig\u00eancia Artificial Everything-as-a-Service (Computa\u00e7\u00e3o em Nuvem) Plataformas de software Realidade Virtual e Aumentada [&hellip;]<\/p>","protected":false},"author":2,"featured_media":922,"parent":19548,"menu_order":0,"comment_status":"closed","ping_status":"closed","template":"page-inovacao-interna.php","meta":{"_acf_changed":false,"footnotes":""},"acf":[],"_links":{"self":[{"href":"https:\/\/www.pe.senai.br\/en\/wp-json\/wp\/v2\/pages\/1061"}],"collection":[{"href":"https:\/\/www.pe.senai.br\/en\/wp-json\/wp\/v2\/pages"}],"about":[{"href":"https:\/\/www.pe.senai.br\/en\/wp-json\/wp\/v2\/types\/page"}],"author":[{"embeddable":true,"href":"https:\/\/www.pe.senai.br\/en\/wp-json\/wp\/v2\/users\/2"}],"replies":[{"embeddable":true,"href":"https:\/\/www.pe.senai.br\/en\/wp-json\/wp\/v2\/comments?post=1061"}],"version-history":[{"count":0,"href":"https:\/\/www.pe.senai.br\/en\/wp-json\/wp\/v2\/pages\/1061\/revisions"}],"up":[{"embeddable":true,"href":"https:\/\/www.pe.senai.br\/en\/wp-json\/wp\/v2\/pages\/19548"}],"wp:featuredmedia":[{"embeddable":true,"href":"https:\/\/www.pe.senai.br\/en\/wp-json\/wp\/v2\/media\/922"}],"wp:attachment":[{"href":"https:\/\/www.pe.senai.br\/en\/wp-json\/wp\/v2\/media?parent=1061"}],"curies":[{"name":"wp","href":"https:\/\/api.w.org\/{rel}","templated":true}]}}